{"id":57,"date":"2025-01-20T15:17:38","date_gmt":"2025-01-20T15:17:38","guid":{"rendered":"https:\/\/mobileklinik-koeln.de\/?page_id=57"},"modified":"2025-01-20T18:47:56","modified_gmt":"2025-01-20T18:47:56","slug":"zubehoer","status":"publish","type":"page","link":"https:\/\/mobileklinik-koeln.de\/?page_id=57","title":{"rendered":"Zubeh\u00f6r"},"content":{"rendered":"\t\t<div data-elementor-type=\"wp-page\" data-elementor-id=\"57\" class=\"elementor elementor-57\" data-elementor-post-type=\"page\">\n\t\t\t\t<div class=\"elementor-element elementor-element-ee9408e e-flex e-con-boxed e-con e-parent\" data-id=\"ee9408e\" data-element_type=\"container\">\n\t\t\t\t\t<div class=\"e-con-inner\">\n\t\t\t\t<div class=\"elementor-element elementor-element-23ea701 elementor-widget elementor-widget-heading\" data-id=\"23ea701\" data-element_type=\"widget\" data-widget_type=\"heading.default\">\n\t\t\t\t<div class=\"elementor-widget-container\">\n\t\t\t\t\t<h2 class=\"elementor-heading-title elementor-size-default\">Zubeh\u00f6r<\/h2>\t\t\t\t<\/div>\n\t\t\t\t<\/div>\n\t\t\t\t<div class=\"elementor-element elementor-element-7bfe1a5 elementor-widget__width-initial elementor-widget-mobile__width-initial elementor-widget elementor-widget-heading\" data-id=\"7bfe1a5\" data-element_type=\"widget\" data-widget_type=\"heading.default\">\n\t\t\t\t<div class=\"elementor-widget-container\">\n\t\t\t\t\t<h2 class=\"elementor-heading-title elementor-size-default\">Wir bieten eine gro\u00dfe Auswahl an Smartphone Zubeh\u00f6r in unserem Ladengesch\u00e4ft auf der\nD\u00fcrener Str. in K\u00f6ln Lindenthal.<\/h2>\t\t\t\t<\/div>\n\t\t\t\t<\/div>\n\t\t\t\t\t<\/div>\n\t\t\t\t<\/div>\n\t\t<div class=\"elementor-element elementor-element-d8212ad e-grid e-con-boxed e-con e-parent\" data-id=\"d8212ad\" data-element_type=\"container\">\n\t\t\t\t\t<div class=\"e-con-inner\">\n\t\t\t\t<div class=\"elementor-element elementor-element-524b641 elementor-widget elementor-widget-image\" data-id=\"524b641\" data-element_type=\"widget\" data-widget_type=\"image.default\">\n\t\t\t\t<div class=\"elementor-widget-container\">\n\t\t\t\t\t\t\t\t\t\t\t\t\t\t\t<img fetchpriority=\"high\" decoding=\"async\" width=\"800\" height=\"600\" src=\"https:\/\/mobileklinik-koeln.de\/wp-content\/uploads\/2025\/01\/image1-1024x768.jpeg\" class=\"attachment-large size-large wp-image-102\" alt=\"\" srcset=\"https:\/\/mobileklinik-koeln.de\/wp-content\/uploads\/2025\/01\/image1-1024x768.jpeg 1024w, https:\/\/mobileklinik-koeln.de\/wp-content\/uploads\/2025\/01\/image1-300x225.jpeg 300w, https:\/\/mobileklinik-koeln.de\/wp-content\/uploads\/2025\/01\/image1-768x576.jpeg 768w, https:\/\/mobileklinik-koeln.de\/wp-content\/uploads\/2025\/01\/image1-1536x1152.jpeg 1536w, https:\/\/mobileklinik-koeln.de\/wp-content\/uploads\/2025\/01\/image1-2048x1536.jpeg 2048w\" sizes=\"(max-width: 800px) 100vw, 800px\" \/>\t\t\t\t\t\t\t\t\t\t\t\t\t\t\t<\/div>\n\t\t\t\t<\/div>\n\t\t\t\t<div class=\"elementor-element elementor-element-6843627 elementor-widget elementor-widget-image\" data-id=\"6843627\" data-element_type=\"widget\" data-widget_type=\"image.default\">\n\t\t\t\t<div class=\"elementor-widget-container\">\n\t\t\t\t\t\t\t\t\t\t\t\t\t\t\t<img decoding=\"async\" width=\"800\" height=\"600\" src=\"https:\/\/mobileklinik-koeln.de\/wp-content\/uploads\/2025\/01\/image3-1024x768.jpeg\" class=\"attachment-large size-large wp-image-86\" alt=\"\" srcset=\"https:\/\/mobileklinik-koeln.de\/wp-content\/uploads\/2025\/01\/image3-1024x768.jpeg 1024w, https:\/\/mobileklinik-koeln.de\/wp-content\/uploads\/2025\/01\/image3-300x225.jpeg 300w, https:\/\/mobileklinik-koeln.de\/wp-content\/uploads\/2025\/01\/image3-768x576.jpeg 768w, https:\/\/mobileklinik-koeln.de\/wp-content\/uploads\/2025\/01\/image3-1536x1152.jpeg 1536w, https:\/\/mobileklinik-koeln.de\/wp-content\/uploads\/2025\/01\/image3-2048x1536.jpeg 2048w\" sizes=\"(max-width: 800px) 100vw, 800px\" \/>\t\t\t\t\t\t\t\t\t\t\t\t\t\t\t<\/div>\n\t\t\t\t<\/div>\n\t\t\t\t\t<\/div>\n\t\t\t\t<\/div>\n\t\t\t\t<\/div>\n\t\t","protected":false},"excerpt":{"rendered":"<p>Zubeh\u00f6r Wir bieten eine gro\u00dfe Auswahl an Smartphone Zubeh\u00f6r in unserem Ladengesch\u00e4ft auf der D\u00fcrener Str. in K\u00f6ln Lindenthal.<\/p>\n","protected":false},"author":1,"featured_media":0,"parent":0,"menu_order":0,"comment_status":"closed","ping_status":"closed","template":"","meta":{"footnotes":""},"class_list":["post-57","page","type-page","status-publish","hentry"],"_links":{"self":[{"href":"https:\/\/mobileklinik-koeln.de\/index.php?rest_route=\/wp\/v2\/pages\/57","targetHints":{"allow":["GET"]}}],"collection":[{"href":"https:\/\/mobileklinik-koeln.de\/index.php?rest_route=\/wp\/v2\/pages"}],"about":[{"href":"https:\/\/mobileklinik-koeln.de\/index.php?rest_route=\/wp\/v2\/types\/page"}],"author":[{"embeddable":true,"href":"https:\/\/mobileklinik-koeln.de\/index.php?rest_route=\/wp\/v2\/users\/1"}],"replies":[{"embeddable":true,"href":"https:\/\/mobileklinik-koeln.de\/index.php?rest_route=%2Fwp%2Fv2%2Fcomments&post=57"}],"version-history":[{"count":13,"href":"https:\/\/mobileklinik-koeln.de\/index.php?rest_route=\/wp\/v2\/pages\/57\/revisions"}],"predecessor-version":[{"id":177,"href":"https:\/\/mobileklinik-koeln.de\/index.php?rest_route=\/wp\/v2\/pages\/57\/revisions\/177"}],"wp:attachment":[{"href":"https:\/\/mobileklinik-koeln.de\/index.php?rest_route=%2Fwp%2Fv2%2Fmedia&parent=57"}],"curies":[{"name":"wp","href":"https:\/\/api.w.org\/{rel}","templated":true}]}}