{"id":53,"date":"2025-01-20T15:17:10","date_gmt":"2025-01-20T15:17:10","guid":{"rendered":"https:\/\/mobileklinik-koeln.de\/?page_id=53"},"modified":"2025-01-20T18:24:26","modified_gmt":"2025-01-20T18:24:26","slug":"home","status":"publish","type":"page","link":"https:\/\/mobileklinik-koeln.de\/","title":{"rendered":"Home"},"content":{"rendered":"\t\t<div data-elementor-type=\"wp-page\" data-elementor-id=\"53\" class=\"elementor elementor-53\" data-elementor-post-type=\"page\">\n\t\t\t\t<div class=\"elementor-element elementor-element-1797bfb e-flex e-con-boxed e-con e-parent\" data-id=\"1797bfb\" data-element_type=\"container\" data-settings=\"{&quot;background_background&quot;:&quot;classic&quot;}\">\n\t\t\t\t\t<div class=\"e-con-inner\">\n\t\t\t\t<div class=\"elementor-element elementor-element-73b3d6c elementor-widget__width-initial elementor-widget elementor-widget-heading\" data-id=\"73b3d6c\" data-element_type=\"widget\" data-widget_type=\"heading.default\">\n\t\t\t\t<div class=\"elementor-widget-container\">\n\t\t\t\t\t<h2 class=\"elementor-heading-title elementor-size-default\">Smartphone Reparatur &amp; Zubeh\u00f6r in K\u00f6ln Lindenthal<\/h2>\t\t\t\t<\/div>\n\t\t\t\t<\/div>\n\t\t\t\t\t<\/div>\n\t\t\t\t<\/div>\n\t\t<div class=\"elementor-element elementor-element-c2b07d9 e-flex e-con-boxed e-con e-parent\" data-id=\"c2b07d9\" data-element_type=\"container\">\n\t\t\t\t\t<div class=\"e-con-inner\">\n\t\t\t\t<div class=\"elementor-element elementor-element-34b2fc9 elementor-widget elementor-widget-heading\" data-id=\"34b2fc9\" data-element_type=\"widget\" data-widget_type=\"heading.default\">\n\t\t\t\t<div class=\"elementor-widget-container\">\n\t\t\t\t\t<h2 class=\"elementor-heading-title elementor-size-default\">Unsere Leistungen<\/h2>\t\t\t\t<\/div>\n\t\t\t\t<\/div>\n\t\t\t\t\t<\/div>\n\t\t\t\t<\/div>\n\t\t<div class=\"elementor-element elementor-element-7bf6b6e e-grid e-con-boxed e-con e-parent\" data-id=\"7bf6b6e\" data-element_type=\"container\" data-settings=\"{&quot;background_background&quot;:&quot;classic&quot;}\">\n\t\t\t\t\t<div class=\"e-con-inner\">\n\t\t\t\t<div class=\"elementor-element elementor-element-083f52b elementor-cta--skin-classic elementor-animated-content elementor-bg-transform elementor-bg-transform-zoom-in elementor-widget elementor-widget-call-to-action\" data-id=\"083f52b\" data-element_type=\"widget\" data-widget_type=\"call-to-action.default\">\n\t\t\t\t<div class=\"elementor-widget-container\">\n\t\t\t\t\t\t\t<div class=\"elementor-cta\">\n\t\t\t\t\t<div class=\"elementor-cta__bg-wrapper\">\n\t\t\t\t<div class=\"elementor-cta__bg elementor-bg\" style=\"background-image: url(https:\/\/mobileklinik-koeln.de\/wp-content\/uploads\/2025\/01\/display.jpg);\" role=\"img\" aria-label=\"display\"><\/div>\n\t\t\t\t<div class=\"elementor-cta__bg-overlay\"><\/div>\n\t\t\t<\/div>\n\t\t\t\t\t\t\t<div class=\"elementor-cta__content\">\n\t\t\t\t\n\t\t\t\t\t\t\t\t\t<h2 class=\"elementor-cta__title elementor-cta__content-item elementor-content-item\">\n\t\t\t\t\t\tDisplay Reparatur\t\t\t\t\t<\/h2>\n\t\t\t\t\n\t\t\t\t\n\t\t\t\t\t\t\t<\/div>\n\t\t\t\t\t\t<\/div>\n\t\t\t\t\t\t<\/div>\n\t\t\t\t<\/div>\n\t\t\t\t<div class=\"elementor-element elementor-element-53eceb3 elementor-cta--skin-classic elementor-animated-content elementor-bg-transform elementor-bg-transform-zoom-in elementor-widget elementor-widget-call-to-action\" data-id=\"53eceb3\" data-element_type=\"widget\" data-widget_type=\"call-to-action.default\">\n\t\t\t\t<div class=\"elementor-widget-container\">\n\t\t\t\t\t\t\t<div class=\"elementor-cta\">\n\t\t\t\t\t<div class=\"elementor-cta__bg-wrapper\">\n\t\t\t\t<div class=\"elementor-cta__bg elementor-bg\" style=\"background-image: url(https:\/\/mobileklinik-koeln.de\/wp-content\/uploads\/2025\/01\/akku.jpg);\" role=\"img\" aria-label=\"akku\"><\/div>\n\t\t\t\t<div class=\"elementor-cta__bg-overlay\"><\/div>\n\t\t\t<\/div>\n\t\t\t\t\t\t\t<div class=\"elementor-cta__content\">\n\t\t\t\t\n\t\t\t\t\t\t\t\t\t<h2 class=\"elementor-cta__title elementor-cta__content-item elementor-content-item\">\n\t\t\t\t\t\tAkku wechsel\t\t\t\t\t<\/h2>\n\t\t\t\t\n\t\t\t\t\n\t\t\t\t\t\t\t<\/div>\n\t\t\t\t\t\t<\/div>\n\t\t\t\t\t\t<\/div>\n\t\t\t\t<\/div>\n\t\t\t\t<div class=\"elementor-element elementor-element-d90a46c elementor-cta--skin-classic elementor-animated-content elementor-bg-transform elementor-bg-transform-zoom-in elementor-widget elementor-widget-call-to-action\" data-id=\"d90a46c\" data-element_type=\"widget\" data-widget_type=\"call-to-action.default\">\n\t\t\t\t<div class=\"elementor-widget-container\">\n\t\t\t\t\t\t\t<div class=\"elementor-cta\">\n\t\t\t\t\t<div class=\"elementor-cta__bg-wrapper\">\n\t\t\t\t<div class=\"elementor-cta__bg elementor-bg\" style=\"background-image: url(https:\/\/mobileklinik-koeln.de\/wp-content\/uploads\/2025\/01\/backcover.jpg);\" role=\"img\" aria-label=\"backcover\"><\/div>\n\t\t\t\t<div class=\"elementor-cta__bg-overlay\"><\/div>\n\t\t\t<\/div>\n\t\t\t\t\t\t\t<div class=\"elementor-cta__content\">\n\t\t\t\t\n\t\t\t\t\t\t\t\t\t<h2 class=\"elementor-cta__title elementor-cta__content-item elementor-content-item\">\n\t\t\t\t\t\tBackcover Reparatur\t\t\t\t\t<\/h2>\n\t\t\t\t\n\t\t\t\t\n\t\t\t\t\t\t\t<\/div>\n\t\t\t\t\t\t<\/div>\n\t\t\t\t\t\t<\/div>\n\t\t\t\t<\/div>\n\t\t\t\t<div class=\"elementor-element elementor-element-dc17a3c elementor-cta--skin-classic elementor-animated-content elementor-bg-transform elementor-bg-transform-zoom-in elementor-widget elementor-widget-call-to-action\" data-id=\"dc17a3c\" data-element_type=\"widget\" data-widget_type=\"call-to-action.default\">\n\t\t\t\t<div class=\"elementor-widget-container\">\n\t\t\t\t\t\t\t<div class=\"elementor-cta\">\n\t\t\t\t\t<div class=\"elementor-cta__bg-wrapper\">\n\t\t\t\t<div class=\"elementor-cta__bg elementor-bg\" style=\"background-image: url(https:\/\/mobileklinik-koeln.de\/wp-content\/uploads\/2025\/01\/diagnose.jpg);\" role=\"img\" aria-label=\"diagnose\"><\/div>\n\t\t\t\t<div class=\"elementor-cta__bg-overlay\"><\/div>\n\t\t\t<\/div>\n\t\t\t\t\t\t\t<div class=\"elementor-cta__content\">\n\t\t\t\t\n\t\t\t\t\t\t\t\t\t<h2 class=\"elementor-cta__title elementor-cta__content-item elementor-content-item\">\n\t\t\t\t\t\tFehlerdiagnose\t\t\t\t\t<\/h2>\n\t\t\t\t\n\t\t\t\t\n\t\t\t\t\t\t\t<\/div>\n\t\t\t\t\t\t<\/div>\n\t\t\t\t\t\t<\/div>\n\t\t\t\t<\/div>\n\t\t\t\t\t<\/div>\n\t\t\t\t<\/div>\n\t\t<div class=\"elementor-element elementor-element-5869155 e-flex e-con-boxed e-con e-parent\" data-id=\"5869155\" data-element_type=\"container\">\n\t\t\t\t\t<div class=\"e-con-inner\">\n\t\t<div class=\"elementor-element elementor-element-1e04c1b e-con-full e-flex e-con e-child\" data-id=\"1e04c1b\" data-element_type=\"container\">\n\t\t\t\t<div class=\"elementor-element elementor-element-41ddcb9 elementor-widget elementor-widget-image\" data-id=\"41ddcb9\" data-element_type=\"widget\" data-widget_type=\"image.default\">\n\t\t\t\t<div class=\"elementor-widget-container\">\n\t\t\t\t\t\t\t\t\t\t\t\t\t\t\t<img fetchpriority=\"high\" decoding=\"async\" width=\"800\" height=\"419\" src=\"https:\/\/mobileklinik-koeln.de\/wp-content\/uploads\/2025\/01\/image0.jpeg\" class=\"attachment-large size-large wp-image-14\" alt=\"\" srcset=\"https:\/\/mobileklinik-koeln.de\/wp-content\/uploads\/2025\/01\/image0.jpeg 800w, https:\/\/mobileklinik-koeln.de\/wp-content\/uploads\/2025\/01\/image0-300x157.jpeg 300w, https:\/\/mobileklinik-koeln.de\/wp-content\/uploads\/2025\/01\/image0-768x402.jpeg 768w\" sizes=\"(max-width: 800px) 100vw, 800px\" \/>\t\t\t\t\t\t\t\t\t\t\t\t\t\t\t<\/div>\n\t\t\t\t<\/div>\n\t\t\t\t<div class=\"elementor-element elementor-element-3fe1186 elementor-widget__width-initial elementor-widget elementor-widget-text-editor\" data-id=\"3fe1186\" data-element_type=\"widget\" data-widget_type=\"text-editor.default\">\n\t\t\t\t<div class=\"elementor-widget-container\">\n\t\t\t\t\t\t\t\t\t<p>Willkommen in der MOBILE KLINIK in K\u00f6ln Lindenthal. Wir sind Ihre professionelle und zuverl\u00e4ssige Anlaufstelle f\u00fcr alle Reparaturen rund um Ihr Smartphone und Tablet. Unser erfahrenes Team k\u00fcmmert sich mit Sorgfalt und Pr\u00e4zision um die Behebung jeglicher Sch\u00e4den &#8211; vom gesprungenen Display bis hin zum Wasserschaden. Wir verwenden ausschlie\u00dflich hochwertige Ersatzteile und bieten Ihnen eine schnelle und professionelle Abwicklung. Lassen Sie Ihr Smartphone bei uns in die besten H\u00e4nde. Gemeinsam finden wir die perfekte L\u00f6sung f\u00fcr Ihr Ger\u00e4t.<\/p>\t\t\t\t\t\t\t\t<\/div>\n\t\t\t\t<\/div>\n\t\t\t\t<\/div>\n\t\t\t\t\t<\/div>\n\t\t\t\t<\/div>\n\t\t<div class=\"elementor-element elementor-element-e91dd86 e-grid e-con-boxed e-con e-parent\" data-id=\"e91dd86\" data-element_type=\"container\">\n\t\t\t\t\t<div class=\"e-con-inner\">\n\t\t\t\t<div class=\"elementor-element elementor-element-0a075a0 elementor-widget elementor-widget-image\" data-id=\"0a075a0\" data-element_type=\"widget\" data-widget_type=\"image.default\">\n\t\t\t\t<div class=\"elementor-widget-container\">\n\t\t\t\t\t\t\t\t\t\t\t\t\t\t\t<img decoding=\"async\" width=\"800\" height=\"600\" src=\"https:\/\/mobileklinik-koeln.de\/wp-content\/uploads\/2025\/01\/image3-1-1024x768.jpeg\" class=\"attachment-large size-large wp-image-101\" alt=\"\" srcset=\"https:\/\/mobileklinik-koeln.de\/wp-content\/uploads\/2025\/01\/image3-1-1024x768.jpeg 1024w, https:\/\/mobileklinik-koeln.de\/wp-content\/uploads\/2025\/01\/image3-1-300x225.jpeg 300w, https:\/\/mobileklinik-koeln.de\/wp-content\/uploads\/2025\/01\/image3-1-768x576.jpeg 768w, https:\/\/mobileklinik-koeln.de\/wp-content\/uploads\/2025\/01\/image3-1-1536x1152.jpeg 1536w, https:\/\/mobileklinik-koeln.de\/wp-content\/uploads\/2025\/01\/image3-1-2048x1536.jpeg 2048w\" sizes=\"(max-width: 800px) 100vw, 800px\" \/>\t\t\t\t\t\t\t\t\t\t\t\t\t\t\t<\/div>\n\t\t\t\t<\/div>\n\t\t\t\t<div class=\"elementor-element elementor-element-45fd1c5 elementor-widget elementor-widget-image\" data-id=\"45fd1c5\" data-element_type=\"widget\" data-widget_type=\"image.default\">\n\t\t\t\t<div class=\"elementor-widget-container\">\n\t\t\t\t\t\t\t\t\t\t\t\t\t\t\t<img decoding=\"async\" width=\"800\" height=\"600\" src=\"https:\/\/mobileklinik-koeln.de\/wp-content\/uploads\/2025\/01\/image1-1024x768.jpeg\" class=\"attachment-large size-large wp-image-102\" alt=\"\" srcset=\"https:\/\/mobileklinik-koeln.de\/wp-content\/uploads\/2025\/01\/image1-1024x768.jpeg 1024w, https:\/\/mobileklinik-koeln.de\/wp-content\/uploads\/2025\/01\/image1-300x225.jpeg 300w, https:\/\/mobileklinik-koeln.de\/wp-content\/uploads\/2025\/01\/image1-768x576.jpeg 768w, https:\/\/mobileklinik-koeln.de\/wp-content\/uploads\/2025\/01\/image1-1536x1152.jpeg 1536w, https:\/\/mobileklinik-koeln.de\/wp-content\/uploads\/2025\/01\/image1-2048x1536.jpeg 2048w\" sizes=\"(max-width: 800px) 100vw, 800px\" \/>\t\t\t\t\t\t\t\t\t\t\t\t\t\t\t<\/div>\n\t\t\t\t<\/div>\n\t\t\t\t\t<\/div>\n\t\t\t\t<\/div>\n\t\t\t\t<\/div>\n\t\t","protected":false},"excerpt":{"rendered":"<p>Smartphone Reparatur &amp; Zubeh\u00f6r in K\u00f6ln Lindenthal Unsere Leistungen Display Reparatur Akku wechsel Backcover Reparatur Fehlerdiagnose Willkommen in der MOBILE KLINIK in K\u00f6ln Lindenthal. Wir sind Ihre professionelle und zuverl\u00e4ssige Anlaufstelle f\u00fcr alle Reparaturen rund um Ihr Smartphone und Tablet. Unser erfahrenes Team k\u00fcmmert sich mit Sorgfalt und Pr\u00e4zision um die Behebung jeglicher Sch\u00e4den &#8211; [&hellip;]<\/p>\n","protected":false},"author":1,"featured_media":0,"parent":0,"menu_order":0,"comment_status":"closed","ping_status":"closed","template":"","meta":{"footnotes":""},"class_list":["post-53","page","type-page","status-publish","hentry"],"_links":{"self":[{"href":"https:\/\/mobileklinik-koeln.de\/index.php?rest_route=\/wp\/v2\/pages\/53","targetHints":{"allow":["GET"]}}],"collection":[{"href":"https:\/\/mobileklinik-koeln.de\/index.php?rest_route=\/wp\/v2\/pages"}],"about":[{"href":"https:\/\/mobileklinik-koeln.de\/index.php?rest_route=\/wp\/v2\/types\/page"}],"author":[{"embeddable":true,"href":"https:\/\/mobileklinik-koeln.de\/index.php?rest_route=\/wp\/v2\/users\/1"}],"replies":[{"embeddable":true,"href":"https:\/\/mobileklinik-koeln.de\/index.php?rest_route=%2Fwp%2Fv2%2Fcomments&post=53"}],"version-history":[{"count":43,"href":"https:\/\/mobileklinik-koeln.de\/index.php?rest_route=\/wp\/v2\/pages\/53\/revisions"}],"predecessor-version":[{"id":171,"href":"https:\/\/mobileklinik-koeln.de\/index.php?rest_route=\/wp\/v2\/pages\/53\/revisions\/171"}],"wp:attachment":[{"href":"https:\/\/mobileklinik-koeln.de\/index.php?rest_route=%2Fwp%2Fv2%2Fmedia&parent=53"}],"curies":[{"name":"wp","href":"https:\/\/api.w.org\/{rel}","templated":true}]}}