{"id":165,"date":"2025-01-20T18:05:21","date_gmt":"2025-01-20T18:05:21","guid":{"rendered":"https:\/\/mobileklinik-koeln.de\/?page_id=165"},"modified":"2025-09-05T13:33:07","modified_gmt":"2025-09-05T13:33:07","slug":"impressum","status":"publish","type":"page","link":"https:\/\/mobileklinik-koeln.de\/?page_id=165","title":{"rendered":"Impressum"},"content":{"rendered":"\t\t<div data-elementor-type=\"wp-page\" data-elementor-id=\"165\" class=\"elementor elementor-165\" data-elementor-post-type=\"page\">\n\t\t\t\t<div class=\"elementor-element elementor-element-1cd38bf e-flex e-con-boxed e-con e-parent\" data-id=\"1cd38bf\" data-element_type=\"container\">\n\t\t\t\t\t<div class=\"e-con-inner\">\n\t\t\t\t<div class=\"elementor-element elementor-element-1037e9c elementor-widget elementor-widget-heading\" data-id=\"1037e9c\" data-element_type=\"widget\" data-widget_type=\"heading.default\">\n\t\t\t\t<div class=\"elementor-widget-container\">\n\t\t\t\t\t<h2 class=\"elementor-heading-title elementor-size-default\">Impressum<\/h2>\t\t\t\t<\/div>\n\t\t\t\t<\/div>\n\t\t\t\t\t<\/div>\n\t\t\t\t<\/div>\n\t\t<div class=\"elementor-element elementor-element-a44b894 e-flex e-con-boxed e-con e-parent\" data-id=\"a44b894\" data-element_type=\"container\">\n\t\t\t\t\t<div class=\"e-con-inner\">\n\t\t\t\t<div class=\"elementor-element elementor-element-ce6bfb8 elementor-widget elementor-widget-text-editor\" data-id=\"ce6bfb8\" data-element_type=\"widget\" data-widget_type=\"text-editor.default\">\n\t\t\t\t<div class=\"elementor-widget-container\">\n\t\t\t\t\t\t\t\t\t<p><strong>MOBILE KLINIK K\u00f6ln<\/strong><br \/><strong>D\u00fcrener Str. 221<\/strong><br \/><strong>50931 K\u00f6ln<\/strong><\/p><p>Inh.: Khalid Khan Yousofi<\/p><p>Steuernr. 223\/5072\/4026<\/p><p>Tel. 0221 \/ 56073783<br \/>E-Mail: <span class=\"elementor-icon-list-text\">mobile.klinik23@gmail.com<\/span><\/p><p><b>Rechtliche Hinweise<\/b><\/p><p><u>Online-Streitbeilegung<\/u><br \/>Die Europ\u00e4ische Kommission stellt eine Plattform zur Online-Streitbeilegung (OS) bereit: http:\/\/ec.europa.eu\/consumers\/odr Wir sind nicht bereit oder verpflichtet, an Streitbeilegungsverfahren vor einer Verbraucherschlichtungsstelle teilzunehmen.<\/p><p><u>Externe Links<\/u><br \/>F\u00fcr den Inhalt externer Webseiten, die mit unseren Internetseiten verlinkt sind, sind ausschlie\u00dflich die Betreiber verantwortlich. Deshalb k\u00f6nnen wir f\u00fcr die Inhalte externer Links keine Haftung \u00fcbernehmen. Wir pr\u00fcfen die Inhalte externer Links vor der Verlinkung. Eine dauerhafte Kontrolle der externen Webseiten nach der Verlinkung ist jedoch nicht zumutbar. Sobald uns Rechtsverletzungen durch externe Links bekannt werden, werden wir diese unverz\u00fcglich entfernen. Irrt\u00fcmer und technische \u00c4nderungen vorbehalten.<\/p>\t\t\t\t\t\t\t\t<\/div>\n\t\t\t\t<\/div>\n\t\t\t\t\t<\/div>\n\t\t\t\t<\/div>\n\t\t\t\t<\/div>\n\t\t","protected":false},"excerpt":{"rendered":"<p>Impressum MOBILE KLINIK K\u00f6lnD\u00fcrener Str. 22150931 K\u00f6ln Inh.: Khalid Khan Yousofi Steuernr. 223\/5072\/4026 Tel. 0221 \/ 56073783E-Mail: mobile.klinik23@gmail.com Rechtliche Hinweise Online-StreitbeilegungDie Europ\u00e4ische Kommission stellt eine Plattform zur Online-Streitbeilegung (OS) bereit: http:\/\/ec.europa.eu\/consumers\/odr Wir sind nicht bereit oder verpflichtet, an Streitbeilegungsverfahren vor einer Verbraucherschlichtungsstelle teilzunehmen. Externe LinksF\u00fcr den Inhalt externer Webseiten, die mit unseren Internetseiten verlinkt sind, [&hellip;]<\/p>\n","protected":false},"author":1,"featured_media":0,"parent":0,"menu_order":0,"comment_status":"closed","ping_status":"closed","template":"","meta":{"footnotes":""},"class_list":["post-165","page","type-page","status-publish","hentry"],"_links":{"self":[{"href":"https:\/\/mobileklinik-koeln.de\/index.php?rest_route=\/wp\/v2\/pages\/165","targetHints":{"allow":["GET"]}}],"collection":[{"href":"https:\/\/mobileklinik-koeln.de\/index.php?rest_route=\/wp\/v2\/pages"}],"about":[{"href":"https:\/\/mobileklinik-koeln.de\/index.php?rest_route=\/wp\/v2\/types\/page"}],"author":[{"embeddable":true,"href":"https:\/\/mobileklinik-koeln.de\/index.php?rest_route=\/wp\/v2\/users\/1"}],"replies":[{"embeddable":true,"href":"https:\/\/mobileklinik-koeln.de\/index.php?rest_route=%2Fwp%2Fv2%2Fcomments&post=165"}],"version-history":[{"count":13,"href":"https:\/\/mobileklinik-koeln.de\/index.php?rest_route=\/wp\/v2\/pages\/165\/revisions"}],"predecessor-version":[{"id":207,"href":"https:\/\/mobileklinik-koeln.de\/index.php?rest_route=\/wp\/v2\/pages\/165\/revisions\/207"}],"wp:attachment":[{"href":"https:\/\/mobileklinik-koeln.de\/index.php?rest_route=%2Fwp%2Fv2%2Fmedia&parent=165"}],"curies":[{"name":"wp","href":"https:\/\/api.w.org\/{rel}","templated":true}]}}